{"id":1567,"date":"2016-09-06T15:45:17","date_gmt":"2016-09-06T13:45:17","guid":{"rendered":"http:\/\/fibernowogrod.pl\/?page_id=1567"},"modified":"2016-09-06T15:45:17","modified_gmt":"2016-09-06T13:45:17","slug":"dozynki-dodatkowa-strona","status":"publish","type":"page","link":"https:\/\/www.fibernowogrod.pl\/index.php\/o-stowarzyszeniu\/kategoria\/imprezy\/dozynki-dodatkowa-strona\/","title":{"rendered":"Do\u017cynkowe konkurencje"},"content":{"rendered":"<p style=\"text-align: center;\"><strong>SPORTOWE DO\u017bYNKI NA WESO\u0141O 2016 <\/strong><\/p>\n<p style=\"text-align: center;\"><strong>BOGACZ\u00d3W 20.08.2016<\/strong><\/p>\n<p>Stowarzyszenie FIBER by\u0142o organizatorem turnieju sportowego rozgrywanego podczas Gminnych Do\u017cynek, kt\u00f3re w tym roku odbywa\u0142y si\u0119 w Bogaczowie. Turniej by\u0142 przeprowadzony w ramach zadania publicznego powierzonego nam przez Urz\u0105d Miasta Nowogr\u00f3d Bobrza\u0144ski i mamy nadziej\u0119, \u017ce z tego zadania wywi\u0105zali\u015bmy si\u0119 poprawnie. W \u201eSportowych Do\u017cynkach na weso\u0142o 2016\u201d ostatecznie wystartowa\u0142o 11 sze\u015bcioosobowych zespo\u0142\u00f3w. Ekipa z Krzywej niestety stawi\u0142a si\u0119 tylko z kapitanem i sta\u0142o si\u0119 jednoznaczne, \u017ce nie b\u0119dzie rywalizowa\u0107 z pozosta\u0142y so\u0142ectwami. A walczyli jakby nie by\u0142o o nie ma\u0142e pieni\u0105dze, bowiem za 1 miejsce by\u0142o mo\u017cna otrzyma\u0107 1500 z\u0142 za drugie 1000 z\u0142 oraz 500 z\u0142 za trzecie miejsce. Wi\u0119kszo\u015b\u0107 so\u0142ectw podesz\u0142o do rywalizacji na powa\u017cnie cho\u0107 by\u0142y i takie, kt\u00f3re zg\u0142oszenia wype\u0142nia\u0142y dopiero na miejscu nie znaj\u0105c nawet regulaminu ani opis\u00f3w konkurencji, kt\u00f3re zgodnie z zapowiedziami by\u0142y dost\u0119pne dla so\u0142tys\u00f3w na cztery dni przed zawodami. Sta\u0142o si\u0119 to powodem do wielu niejasno\u015bci w p\u00f3\u017aniejszej fazie turnieju a tak\u017ce do wyd\u0142u\u017cenia ca\u0142ych zawod\u00f3w. Cz\u0142onkowie stowarzyszenia FIBER przygotowali dla zawodnik\u00f3w 7 konkurencji zwi\u0105zanych tematycznie z wsi\u0105 a by\u0142y to: STUDNIA, ZAGRODA, KURNIK, PLONY, \u017bNIWA, SPACER FARMERA i WYKOPKI. Konkurencje zacz\u0119li\u015bmy z 45 minutowym op\u00f3\u017anieniem a to ze wzgl\u0119du na wyst\u0119p BOBRZANEK na scenie g\u0142\u00f3wnej. Po kr\u00f3tkiej prezentacji zespo\u0142\u00f3w o godz. 17.30 zacz\u0119li\u015bmy sportowe rywalizacje do\u017cynkowe.<\/p>\n<p>&nbsp;<\/p>\n<p>Przygotowanie do pierwszej konkurencji o nazwie STUDNIA by\u0142o dosy\u0107 pracoch\u0142onne dlatego w tej konkurencji zawodnicy rywalizowali na pocz\u0105tku. Na sygna\u0142 gwizdka 11 zawodnik\u00f3w zacz\u0119\u0142o nalewa\u0107 plastikowym kubkiem wod\u0119 do 10 metrowego w\u0119\u017ca, po czym dw\u00f3ch nast\u0119pnych zawodnik\u00f3w musia\u0142o tak manewrowa\u0107 w\u0119\u017cami aby woda jak najszybciej przela\u0142a si\u0119 do 1,5 litrowej butelki, kt\u00f3r\u0105 trzyma\u0142 czwarty zawodnik w dru\u017cynie. Najszybciej to zadanie wykona\u0142a dru\u017cyna z Krzewin, kt\u00f3ra wyprzedzi\u0142a ekipy z Przybymierza i Kl\u0119piny.<\/p>\n<p>Klasyfikacja konkurencji STUDNIA<\/p>\n<ol>\n<li>KRZEWINY 20 pkt<\/li>\n<li>PRZYBYMIERZ\u00a0\u00a0\u00a0\u00a0 19 pkt<\/li>\n<li>KL\u0118PINA 18 pkt<\/li>\n<li>DR\u0104GOWINA 17 pkt<\/li>\n<li>\u0141AGODA 16 pkt<\/li>\n<li>PIERZWIN 15 pkt<\/li>\n<li>DOBROSZ\u00d3W W.14 pkt<\/li>\n<li>WYSOKA 13 pkt<\/li>\n<li>BOGACZ\u00d3W 12 pkt<\/li>\n<li>NIWISKA 11 pkt<\/li>\n<li>URZUTY 10 pkt<\/li>\n<\/ol>\n<p>&nbsp;<\/p>\n<p>Druga konkurencja polega\u0142a na zamiataniu kolorowych pi\u0142eczek do swoich boks\u00f3w. W polu by\u0142o 200 czterokolorowych pi\u0142eczek o punktacji 4 pkt &#8211; kolor czerwony, 3 pkt &#8211; kolor niebieski, 2 pkt &#8211; kolor zielony i 1 pkt kolor \u017c\u00f3\u0142ty. Esencj\u0105 tej konkurencji by\u0142a bitwa na miot\u0142y pomi\u0119dzy Urzutami a Przybymierzem o jedn\u0105 \u017c\u00f3\u0142ta pi\u0142eczk\u0119. Ostatecznie w tej konkurencji wygra\u0142a ekipa z Dobroszowa Wielkiego zbieraj\u0105c 25 pi\u0142eczek za 66 pkt wyprzedzaj\u0105c Niwiska i Urzuty.<\/p>\n<p>Klasyfikacja konkurencji ZAGRODA:<\/p>\n<ol>\n<li>DOBROSZ\u00d3W W.\u00a0\u00a0 66 pkt &#8211; 20 pkt<\/li>\n<li>NIWISKA 59 pkt &#8211; 19 pkt<\/li>\n<li>URZUTY 58 pkt &#8211; 18 pkt<\/li>\n<li>DR\u0104GOWINA 55 pkt &#8211; 17 pkt<\/li>\n<li>PIERZWIN 55 pkt &#8211; 16 pkt<\/li>\n<li>KL\u0118PINA 49 pkt &#8211; 15 pkt<\/li>\n<li>BOGACZ\u00d3W 39 pkt &#8211; 14 pkt<\/li>\n<li>\u0141AGODA 33 pkt &#8211; 13 pkt<\/li>\n<li>PRZYBYMIERZ\u00a0\u00a0\u00a0\u00a0\u00a0\u00a0 31 pkt &#8211; 12 pkt<\/li>\n<li>KRZEWINY 23 pkt &#8211; 11 pkt<\/li>\n<li>WYSOKA 20 pkt &#8211; 10 pkt<\/li>\n<\/ol>\n<p>&nbsp;<\/p>\n<p>Trzecia konkurencja KURNIK by\u0142a znana uczestnikom z poprzedniej edycji konkursu jednak w tym roku opr\u00f3cz tradycyjnych jaj , kt\u00f3re by\u0142y punktowane za 1 pkt, by\u0142y do zdobycia jaja bonusowe. Jaja takie oznaczone logiem FIBERA by\u0142y podw\u00f3jnie punktowane, jaja oznaczone herbem Gminy trzykrotnie oraz jedno &#8222;jajo&#8221; Burmistrza liczone by\u0142o za 5 punkt\u00f3w. W tej konkurencji zwyci\u0119\u017cy\u0142 dwuosobowy zesp\u00f3\u0142 z Krzewin wyprzedzaj\u0105c dru\u017cyny z Urzut i Pierzwina.<\/p>\n<p>Klasyfikacja konkurencji KURNIK:<\/p>\n<ol>\n<li>KRZEWINY &#8211; 22 pkt &#8211; 20 pkt<\/li>\n<li>URZUTY &#8211; 21 pkt &#8211; 19 pkt<\/li>\n<li>PIERZWIN &#8211; 19 pkt &#8211; 18 pkt<\/li>\n<li>PRZYBYMIERZ &#8211; 17 pkt &#8211; 17 pkt<\/li>\n<li>DR\u0104GOWINA &#8211; 17 pkt &#8211; 17 pkt<\/li>\n<li>WYSOKA &#8211; 13 pkt &#8211; 15 pkt<\/li>\n<li>KL\u0118PINA &#8211; 12 pkt &#8211; 14 pkt<\/li>\n<li>BOGACZ\u00d3W &#8211; 10 pkt &#8211; 13 pkt<\/li>\n<li>NIWISKA &#8211; \u00a09 pkt &#8211; 12 pkt<\/li>\n<li>\u0141AGODA &#8211; 8 pkt &#8211; 11 pkt<\/li>\n<li>DOBROSZ\u00d3W W.\u00a0\u00a0 &#8211; 8 pkt &#8211; 11 pkt<\/li>\n<\/ol>\n<p>&nbsp;<\/p>\n<p>Czwarta konkurencja, kt\u00f3ra ko\u0144czy\u0142a pierwsz\u0105 cz\u0119\u015b\u0107 turnieju nazywa\u0142a si\u0119 PLONY i polega\u0142a na chwytaniu do koszyka po pi\u0119\u0107 o r\u00f3\u017cnej warto\u015bci punktowej warzyw i pi\u0119\u0107 owoc\u00f3w. W tej konkurencji trzy zespo\u0142y Dobroszowa Wielkiego, Krzewin i Kl\u0119piny wykona\u0142y bezb\u0142\u0119dnie zadanie wrzucaj\u0105c wszystkie warzywa i owoce i zdobywaj\u0105c \u201eMaxa\u201d.<\/p>\n<p>Klasyfikacja konkurencji PLONY:<\/p>\n<ol>\n<li>DOBROSZ\u00d3W W. &#8211; 30 pkt &#8211; 20 pkt<\/li>\n<li>KRZEWINY &#8211; 30 pkt &#8211; 20 pkt<\/li>\n<li>KL\u0118PINA &#8211; 30 pkt &#8211; 20 pkt<\/li>\n<li>\u0141AGODA &#8211; 26 pkt &#8211; 17 pkt<\/li>\n<li>PIERZWIN &#8211; 26 pkt &#8211; 17 pkt<\/li>\n<li>NIWISKA &#8211; 25 pkt &#8211; 15 pkt<\/li>\n<li>BOGACZ\u00d3W &#8211; 23 pkt &#8211; 14 pkt<\/li>\n<li>URZUTY &#8211; 22 pkt &#8211; 13 pkt<\/li>\n<li>PRZYBYMIERZ &#8211; 21 pkt &#8211; 12 pkt<\/li>\n<li>DR\u0104GOWINA &#8211; 20 pkt &#8211; 11 pkt<\/li>\n<li>WYSOKA &#8211; 16 pkt &#8211; 10 pkt<\/li>\n<\/ol>\n<p>&nbsp;<\/p>\n<p>Po czterech konkurencjach na p\u00f3\u0142metku prowadzi\u0142a dru\u017cyna z Kl\u0119piny uzyskuj\u0105c 67 punkty i wyprzedza\u0142a o 1 punkt ekip\u0119 z Pierzwina i o 2 punkty so\u0142ectwo z Dobroszowa Wielkiego.<\/p>\n<p>Po przerwie dru\u017cyny przyst\u0119powa\u0142y do trzech pozosta\u0142ych zada\u0144 w konkurencjach sztafetowych.<\/p>\n<p>&nbsp;<\/p>\n<p>Do pi\u0105tej konkurencji p.n. \u017bNIWA a tak\u017ce i nast\u0119pnych zespo\u0142y przyst\u0119powa\u0142y w trzech seriach po cztery dru\u017cyny wg ustalonego wcze\u015bniej harmonogramu.<\/p>\n<p>Pierwsi zawodnicy w zmianie musieli przenie\u015b\u0107 wid\u0142ami presak s\u0142omy na drugi koniec toru po czym nast\u0119pni zawodnicy w zmianie mieli za zadanie przenie\u015b\u0107 cztery tabliczki z nazwami zb\u00f3\u017c i roz\u0142o\u017cy\u0107 obok presaka. Zadaniem czterech kolejnych by\u0142o przeniesienie i po\u0142o\u017cenie na w\u0142a\u015bciwej tabliczce odpowiedniego zbo\u017ca, kt\u00f3re znajdowa\u0142o si\u0119 w plastikowych kubkach. W tej konkurencji komisja s\u0119dziowska postanowi\u0142a, \u017ce dwa zespo\u0142y b\u0119d\u0105 powtarza\u0142y to zadanie, bowiem tyczka pod kt\u00f3r\u0105 przebiegali zawodnicy zosta\u0142a przewr\u00f3cona a zawodnicy nie mogli skutecznie po\u0142\u0105czy\u0107 jej element\u00f3w. W tej konkurencji najlepsza okaza\u0142a si\u0119 ekipa z Wysokiej z czasem 54 sek., kt\u00f3ra wyprzedzi\u0142a Pierzwin o 2 sekundy i Dobrosz\u00f3w Wielki o 3 sekundy.<\/p>\n<p>Klasyfikacja konkurencji \u017bNIWA:<\/p>\n<ol>\n<li>WYSOKA 0,54 min &#8211; 20 pkt<\/li>\n<li>PIERZWIN 0,56 min &#8211; 19 pkt<\/li>\n<li>DOBROSZ\u00d3W W. 0,57 min &#8211; 18 pkt<\/li>\n<li>KL\u0118PINA 1,01 min &#8211; 17 pkt<\/li>\n<li>BOGACZ\u00d3W 1,03 min &#8211; 16 pkt<\/li>\n<li>DR\u0104GOWINA 1,06 min &#8211; 15 pkt<\/li>\n<li>PRZYBYMIERZ 1,09 min &#8211; 14 pkt<\/li>\n<li>URZUTY 1,09 min &#8211; 14 pkt<\/li>\n<li>KRZEWINY 1,16 min &#8211; 12 pkt<\/li>\n<li>\u0141AGODA 1,19 min &#8211; 11 pkt<\/li>\n<li>NIWISKA 1,33 min &#8211; 10 pkt<\/li>\n<\/ol>\n<p>&nbsp;<\/p>\n<p>Sz\u00f3sta konkurencja p.n. SPACER FARMERA by\u0142a najbardziej emocjonuj\u0105ca i zarazem kontrowersyjna. Sta\u0142o si\u0119 tak za przyczyna presak\u00f3w s\u0142omy, kt\u00f3re zawodnicy slalomem mieli przenosi\u0107 po wyznaczonym torze. Cz\u0119\u015b\u0107 zawodnik\u00f3w na mecie rzuca\u0142a presaki zamiast po\u0142o\u017cy\u0107, przez co rozlatywa\u0142y si\u0119 robi\u0105c k\u0142opot nast\u0119pnym zawodnikom. Po cz\u0119\u015bci bijemy si\u0119 w piersi, \u017ce niedostatecznie zwi\u0105zane by\u0142y presaki, cho\u0107 z drugiej strony ekipy, kt\u00f3re prawid\u0142owo wykonywa\u0142o to zadanie nie mia\u0142o wi\u0119kszych problem\u00f3w z presakami. Tutaj tak\u017ce komisja s\u0119dziowska zdecydowa\u0142a, \u017ce dwie ekipy b\u0119d\u0105 powtarza\u0107 to zadanie. Ostatecznie rywalizacj\u0119 w tej konkurencji wygra\u0142a dru\u017cyna z Pierzwina w czasie 44 sek wyprzedzaj\u0105c o 2 sek dru\u017cyn\u0119 gospodarzy z Bogaczowa i o 6 sek ekip\u0119 z Urzut.<\/p>\n<p>Klasyfikacja konkurencji SPACER FARMERA:<\/p>\n<ol>\n<li>PIERZWIN &#8211; 0,44 min &#8211; 20 pkt<\/li>\n<li>BOGACZ\u00d3W &#8211; 0,46 min &#8211; 19 pkt<\/li>\n<li>URZUTY &#8211; 0,50 min &#8211; 18 pkt<\/li>\n<li>WYSOKA &#8211; 0,52 min &#8211; 17 pkt<\/li>\n<li>KL\u0118PINA &#8211; 0,52 min &#8211; 17 pkt<\/li>\n<li>DR\u0104GOWINA &#8211; 0,52 min &#8211; 17 pkt<\/li>\n<li>NIWISKA &#8211; 0,56 min &#8211; 14 pkt<\/li>\n<li>DOBROSZ\u00d3W W. &#8211; 0,58 min &#8211; 13 pkt<\/li>\n<li>KRZEWINY &#8211; 0,58 min &#8211; 13 pkt<\/li>\n<li>PRZYBYMIERZ &#8211; 0,59 min &#8211; 11 pkt<\/li>\n<li>\u0141AGODA &#8211; dyskwalifikacja &#8211; 0 pkt<\/li>\n<\/ol>\n<p>&nbsp;<\/p>\n<p>Ostatni\u0105 konkurencj\u0105 ko\u0144cz\u0105c\u0105 Sportowe Do\u017cynki na Weso\u0142o by\u0142y WYKOPKI. W tej konkurencji wzi\u0119\u0142o udzia\u0142 10 zespo\u0142\u00f3w bowiem ekipa z \u0141agody podda\u0142a si\u0119 po poprzedniej konkurencji i zrezygnowa\u0142a z dalszej rywalizacji.<\/p>\n<p>W konkurencji wzi\u0119li udzia\u0142 wszyscy zawodnicy z dru\u017cyny. Zadaniem pierwszych dw\u00f3ch by\u0142o pozbieranie do wiaderka po czym wrzucenie do oznaczonego pola ziemniak\u00f3w. Nast\u0119pnych dw\u00f3je musia\u0142o te ziemniaki w\u0142o\u017cy\u0107 do workach. Pi\u0105ty zawodnik w zmianie musia\u0142 worek przenie\u015b\u0107 na linie startu i wsypa\u0107 do pojemnika, kt\u00f3ry zawodnik nr sze\u015b\u0107 przeni\u00f3s\u0142 pojemnik slalomem po wyznaczonym torze. W tej konkurencji dwie ekipy z Urzut i Kl\u0119piny zaj\u0119\u0142y pierwsze miejsce przy czym zwyci\u0119stwo zawodnik\u00f3w z Kl\u0119piny da\u0142o im zwyci\u0119stwo w ca\u0142ych zawodach.<\/p>\n<p>Klasyfikacja konkurencji WYKOPKI:<\/p>\n<ol>\n<li>URZUTY &#8211; 1,16 min &#8211; 20 pkt<\/li>\n<li>KL\u0118PINA &#8211; 1,16 min &#8211; 20 pkt<\/li>\n<li>DR\u0104GOWINA &#8211; 1,24 min &#8211; 18 pkt<\/li>\n<li>KRZEWINY &#8211; 1,25 min &#8211; 17 pkt<\/li>\n<li>PRZYBYMIERZ &#8211; 1,28 min &#8211; 16 pkt<\/li>\n<li>PIERZWIN &#8211; 1,30 min &#8211; 15 pkt<\/li>\n<li>WYSOKA &#8211; 1,38 min &#8211; 14 pkt<\/li>\n<li>BOGACZ\u00d3W &#8211; 1,39 min &#8211; 13 pkt<\/li>\n<li>DOBROSZ\u00d3W W. &#8211; 1,14 min &#8211; 12 pkt<\/li>\n<li>NIWISKA &#8211; 1,58 min &#8211; 11 pkt<\/li>\n<li>\u0141AGODA &#8211; dyskwalifikacja &#8211; 0 pkt<\/li>\n<\/ol>\n<p>&nbsp;<\/p>\n<p>Walka o czo\u0142owe miejsca toczy\u0142a si\u0119 do ostatniej konkurencji przez co ekipy z danych so\u0142ectw toczy\u0142y emocjonuj\u0105c\u0105 ale zdrow\u0105 rywalizacj\u0119 o jak najlepsze miejsca a tym samym o odpowiedni\u0105 zdobycz punktow\u0105.<\/p>\n<p>KLASYFIKACJA KO\u0143COWA:<\/p>\n<ol>\n<li>KL\u0118PINA &#8211; 121 pkt<\/li>\n<li>PIERZWIN &#8211; 120 pkt<\/li>\n<li>KRZEWINY &#8211; 113 pkt<\/li>\n<li>URZUTY &#8211; 112 pkt<\/li>\n<li>DR\u0104GOWINA &#8211; 112 pkt<\/li>\n<li>DOBROSZ\u00d3W W. &#8211; 108 pkt<\/li>\n<li>PRZYBYMIERZ &#8211; 101 pkt<\/li>\n<li>BOGACZ\u00d3W &#8211; 101 pkt<\/li>\n<li>WYSOKA &#8211; \u00a099 pkt<\/li>\n<li>NIWISKA &#8211; \u00a092 pkt<\/li>\n<li>\u0141AGODA &#8211; \u00a068 pkt<\/li>\n<\/ol>\n<p>Podsumowuj\u0105c, w wi\u0119kszo\u015bci by\u0142o wida\u0107 zaanga\u017cowanie i ch\u0119\u0107 woli zwyci\u0119stwa. Dzi\u0119kujemy pani So\u0142tys z Cieszowa oraz gospodarzowi Do\u017cynek So\u0142tysowi Bogaczowa za pomoc w przygotowaniu, realizacji i przeprowadzeniu turnieju. Wymy\u015blenie konkurencji oraz ich przygotowanie by\u0142o bardzo pracoch\u0142onne a tak\u017ce wymaga\u0142o niezb\u0119dnych nak\u0142ad\u00f3w finansowych ale jako stowarzyszenie Fiber mamy nadziej\u0119, \u017ce dobrze wykonali\u015bmy swe zadanie, cho\u0107 nie ustrzegli\u015bmy si\u0119 tak\u017ce b\u0142\u0119d\u00f3w. B\u0119dzie to nas motywowa\u0107 do jeszcze bardziej energicznej pracy i poprawienia b\u0142\u0119d\u00f3w w przysz\u0142o\u015bci.<\/p>\n<p>&nbsp;<\/p>\n","protected":false},"excerpt":{"rendered":"<p>SPORTOWE DO\u017bYNKI NA WESO\u0141O 2016 BOGACZ\u00d3W 20.08.2016 Stowarzyszenie FIBER by\u0142o organizatorem turnieju sportowego rozgrywanego podczas&#8230;<\/p>\n","protected":false},"author":1,"featured_media":0,"parent":43,"menu_order":0,"comment_status":"closed","ping_status":"closed","template":"","meta":{"footnotes":""},"class_list":["post-1567","page","type-page","status-publish","hentry"],"_links":{"self":[{"href":"https:\/\/www.fibernowogrod.pl\/index.php\/wp-json\/wp\/v2\/pages\/1567","targetHints":{"allow":["GET"]}}],"collection":[{"href":"https:\/\/www.fibernowogrod.pl\/index.php\/wp-json\/wp\/v2\/pages"}],"about":[{"href":"https:\/\/www.fibernowogrod.pl\/index.php\/wp-json\/wp\/v2\/types\/page"}],"author":[{"embeddable":true,"href":"https:\/\/www.fibernowogrod.pl\/index.php\/wp-json\/wp\/v2\/users\/1"}],"replies":[{"embeddable":true,"href":"https:\/\/www.fibernowogrod.pl\/index.php\/wp-json\/wp\/v2\/comments?post=1567"}],"version-history":[{"count":0,"href":"https:\/\/www.fibernowogrod.pl\/index.php\/wp-json\/wp\/v2\/pages\/1567\/revisions"}],"up":[{"embeddable":true,"href":"https:\/\/www.fibernowogrod.pl\/index.php\/wp-json\/wp\/v2\/pages\/43"}],"wp:attachment":[{"href":"https:\/\/www.fibernowogrod.pl\/index.php\/wp-json\/wp\/v2\/media?parent=1567"}],"curies":[{"name":"wp","href":"https:\/\/api.w.org\/{rel}","templated":true}]}}