{"id":2099,"date":"2017-03-31T11:55:24","date_gmt":"2017-03-31T09:55:24","guid":{"rendered":"http:\/\/fibernowogrod.pl\/?page_id=2099"},"modified":"2023-11-16T09:10:30","modified_gmt":"2023-11-16T09:10:30","slug":"nordic-walking","status":"publish","type":"page","link":"https:\/\/www.fibernowogrod.pl\/index.php\/o-stowarzyszeniu\/kategoria\/nordic-walking\/","title":{"rendered":"Nordic Walking"},"content":{"rendered":"<p style=\"text-align: center;\"><strong>2018<\/strong><\/p>\n<p style=\"text-align: center;\"><a href=\"http:\/\/fibernowogrod.pl\/?p=3112\">11.11.2018 &#8211;\u00a0Marsz Nordic Walking &#8211; Z kijkami na Niepodleg\u0142o\u015b\u0107<\/a><\/p>\n<p style=\"text-align: center;\"><a href=\"http:\/\/fibernowogrod.pl\/?p=3034\">21.10.2018 &#8211;\u00a0Marsz Nordic Walking &#8211; Z kijkami na Wybory<\/a><\/p>\n<p style=\"text-align: center;\">09.09.2018 &#8211;\u00a0Marsz Nordic Walking (1)<\/p>\n<p style=\"text-align: center;\"><strong>2017<\/strong><\/p>\n<p style=\"text-align: center;\"><a href=\"http:\/\/fibernowogrod.pl\/?p=2311\">18.06.2017 &#8211; Nordic Walking \u2013 Chodz\u0119 prawid\u0142owo (4)<\/a><\/p>\n<p style=\"text-align: center;\"><a href=\"http:\/\/fibernowogrod.pl\/?p=2257\">21.05.2017 &#8211; Nordic Walking \u2013 Chodz\u0119 prawid\u0142owo (3)<\/a><\/p>\n<p style=\"text-align: center;\"><a href=\"http:\/\/fibernowogrod.pl\/?p=2176\">23.04.2017 &#8211; Nordic Walking \u2013 Chodz\u0119 prawid\u0142owo (2)<\/a><\/p>\n<p style=\"text-align: center;\"><a href=\"http:\/\/fibernowogrod.pl\/?p=2142\">09.04.2017 &#8211; Nordic Walking \u2013 Chodz\u0119 prawid\u0142owo (1)<\/a><\/p>\n<p style=\"text-align: center;\"><strong>2016<\/strong><\/p>\n<p style=\"text-align: center;\"><a href=\"http:\/\/fibernowogrod.pl\/?p=1414\">26.06.2016 &#8211; Nordic Walking \u2013 Chodz\u0119 prawid\u0142owo (6)<\/a><\/p>\n<p style=\"text-align: center;\"><a href=\"http:\/\/fibernowogrod.pl\/?p=1334\">05.06.2016 &#8211; Nordic Walking \u2013 Chodz\u0119 prawid\u0142owo (5)<\/a><\/p>\n<p style=\"text-align: center;\"><a href=\"http:\/\/fibernowogrod.pl\/?p=1264\">22.05.2016 &#8211; Nordic Walking \u2013 Chodz\u0119 prawid\u0142owo (4)<\/a><\/p>\n<p style=\"text-align: center;\"><a href=\"http:\/\/fibernowogrod.pl\/?p=1237\">11.05.2016 &#8211; Nordic Walking \u2013 Chodz\u0119 prawid\u0142owo (3)<\/a><\/p>\n<p style=\"text-align: center;\"><a href=\"http:\/\/fibernowogrod.pl\/?p=1193\">01.05.2016 &#8211; Nordic Walking \u2013 Chodz\u0119 prawid\u0142owo (2)<\/a><\/p>\n<p style=\"text-align: center;\"><a href=\"http:\/\/fibernowogrod.pl\/?p=1142\">17.04.2016 &#8211; Nordic Walking \u2013 Chodz\u0119 prawid\u0142owo (1)<\/a><\/p>\n<p style=\"text-align: center;\"><strong>2015<\/strong><\/p>\n<p style=\"text-align: center;\"><a href=\"http:\/\/fibernowogrod.pl\/?p=207\">25.10.2015 &#8211; Nordic Walking (8<\/a>)<\/p>\n<p style=\"text-align: center;\">Nordic Walking (7\/2015)<\/p>\n<p style=\"text-align: center;\"><a href=\"http:\/\/fibernowogrod.pl\/?p=145\">07.06.2015 &#8211; Nordic Walking (6)<\/a><\/p>\n<p style=\"text-align: center;\"><a href=\"http:\/\/fibernowogrod.pl\/?p=130\">23.05.2015 &#8211; Nordic Walking (5)<\/a><\/p>\n<p style=\"text-align: center;\"><a href=\"http:\/\/fibernowogrod.pl\/?p=115\">09.05.2015 &#8211; Nordic Walking (4)<\/a><\/p>\n<p style=\"text-align: center;\"><a href=\"http:\/\/fibernowogrod.pl\/?p=111\">02.05.2015 &#8211; Nordic Walking \u2013 \u201eMaj\u00f3wka z kijkami\u201d (3)<\/a><\/p>\n<p style=\"text-align: center;\"><a href=\"http:\/\/fibernowogrod.pl\/?p=101\">12.04.2015 &#8211; Nordic Walking (2)<\/a><\/p>\n<p style=\"text-align: center;\"><a href=\"http:\/\/fibernowogrod.pl\/?p=85\">07.03.2015 &#8211; Nordic Walking (1)<\/a><\/p>\n<p>&nbsp;<\/p>\n","protected":false},"excerpt":{"rendered":"<p>2018 11.11.2018 &#8211;\u00a0Marsz Nordic Walking &#8211; Z kijkami na Niepodleg\u0142o\u015b\u0107 21.10.2018 &#8211;\u00a0Marsz Nordic Walking &#8211;&#8230;<\/p>\n","protected":false},"author":1,"featured_media":0,"parent":5330,"menu_order":0,"comment_status":"closed","ping_status":"closed","template":"","meta":{"footnotes":""},"class_list":["post-2099","page","type-page","status-publish","hentry"],"_links":{"self":[{"href":"https:\/\/www.fibernowogrod.pl\/index.php\/wp-json\/wp\/v2\/pages\/2099","targetHints":{"allow":["GET"]}}],"collection":[{"href":"https:\/\/www.fibernowogrod.pl\/index.php\/wp-json\/wp\/v2\/pages"}],"about":[{"href":"https:\/\/www.fibernowogrod.pl\/index.php\/wp-json\/wp\/v2\/types\/page"}],"author":[{"embeddable":true,"href":"https:\/\/www.fibernowogrod.pl\/index.php\/wp-json\/wp\/v2\/users\/1"}],"replies":[{"embeddable":true,"href":"https:\/\/www.fibernowogrod.pl\/index.php\/wp-json\/wp\/v2\/comments?post=2099"}],"version-history":[{"count":1,"href":"https:\/\/www.fibernowogrod.pl\/index.php\/wp-json\/wp\/v2\/pages\/2099\/revisions"}],"predecessor-version":[{"id":5350,"href":"https:\/\/www.fibernowogrod.pl\/index.php\/wp-json\/wp\/v2\/pages\/2099\/revisions\/5350"}],"up":[{"embeddable":true,"href":"https:\/\/www.fibernowogrod.pl\/index.php\/wp-json\/wp\/v2\/pages\/5330"}],"wp:attachment":[{"href":"https:\/\/www.fibernowogrod.pl\/index.php\/wp-json\/wp\/v2\/media?parent=2099"}],"curies":[{"name":"wp","href":"https:\/\/api.w.org\/{rel}","templated":true}]}}