{"id":27,"date":"2015-10-27T12:10:46","date_gmt":"2015-10-27T11:10:46","guid":{"rendered":"http:\/\/fibernowogrod.esy.es\/w\/?page_id=27"},"modified":"2025-01-11T10:24:23","modified_gmt":"2025-01-11T10:24:23","slug":"zarzad","status":"publish","type":"page","link":"https:\/\/www.fibernowogrod.pl\/index.php\/zarzad\/","title":{"rendered":"Zarz\u0105d"},"content":{"rendered":"<table style=\"border-collapse: collapse; width: 100%;\">\n<tbody>\n<tr>\n<td style=\"width: 50%; text-align: center; vertical-align: middle;\"><strong>PREZES<\/strong><\/p>\n<p>Roman M\u0105czkowski<\/td>\n<td style=\"width: 50%; text-align: center; vertical-align: middle;\"><strong>WICEPREZES<\/strong><\/p>\n<p>Lech Pawlisiak<\/td>\n<\/tr>\n<tr>\n<td style=\"width: 50%; vertical-align: middle; text-align: center;\"><\/td>\n<td style=\"width: 50%; vertical-align: middle; text-align: center;\"><\/td>\n<\/tr>\n<tr>\n<td style=\"width: 50%; text-align: center; vertical-align: middle;\">Urodzony w 1964 roku w Lesznie. Jest jednym z za\u0142o\u017cycieli stowarzyszenia &#8222;FIBER&#8221;, kt\u00f3rego na spotkaniu\u00a0 za\u0142o\u017cycielskim zosta\u0142 wybrany na Prezesa Zarz\u0105du. Zawodowo pracuje na kolei.<\/td>\n<td style=\"width: 50%; text-align: center; vertical-align: middle;\">Urodzony w 1958 roku w Lesznie. W latach 2014-2018 przewodniczy\u0142 Komisji Rewizyjnej. Zawodowo Dyrektor Szko\u0142y Podstawowej nr 1 w Nowogrodzie Bobrza\u0144skim.<\/td>\n<\/tr>\n<\/tbody>\n<\/table>\n<p>&nbsp;<\/p>\n<table style=\"border-collapse: collapse; width: 100%; height: 775px;\">\n<tbody>\n<tr style=\"height: 96px;\">\n<td style=\"width: 100%; text-align: left; vertical-align: middle; height: 96px;\" colspan=\"2\">&nbsp;<\/p>\n<p style=\"text-align: center;\"><strong>SKARBNIK<\/strong><\/p>\n<\/td>\n<\/tr>\n<tr style=\"height: 72px;\">\n<td style=\"width: 32.0513%; vertical-align: middle; height: 72px; text-align: center;\"><strong>Anna M\u0105czkowska<\/strong><\/td>\n<td style=\"width: 67.9487%; text-align: left; vertical-align: middle; height: 72px;\">Urodzona w 1960 roku w Starym Str\u0105czu. W stowarzyszeniu od 2015 roku. Aktywnie dzia\u0142a przy ka\u017cdej imprezie w jakiej uczestniczy FIBER. Za nim przesz\u0142a na emerytur\u0119 pracowa\u0142a na kolei.<\/td>\n<\/tr>\n<tr style=\"height: 96px;\">\n<td style=\"width: 100%; text-align: left; vertical-align: middle; height: 96px;\" colspan=\"2\">&nbsp;<\/p>\n<p style=\"text-align: center;\"><strong>CZ\u0141ONKOWIE ZARZ\u0104DU<\/strong><\/p>\n<\/td>\n<\/tr>\n<tr style=\"height: 48px;\">\n<td style=\"width: 32.0513%; vertical-align: middle; height: 48px; text-align: center;\"><strong>Jaros\u0142aw Szymczak<\/strong><\/td>\n<td style=\"width: 67.9487%; text-align: left; vertical-align: middle; height: 48px;\">Urodzony 1979 roku w Zielonej G\u00f3rze. W stowarzyszeniu od 2016 roku. Kierownik sekcji tenisa sto\u0142owego. Zawodowo &#8211; kierownik w firmie Magnolia.<\/td>\n<\/tr>\n<tr style=\"height: 24px;\">\n<td style=\"width: 32.0513%; vertical-align: middle; height: 24px; text-align: center;\"><strong>\u00a0<\/strong><\/td>\n<td style=\"width: 67.9487%; text-align: left; vertical-align: middle; height: 24px;\"><\/td>\n<\/tr>\n<tr style=\"height: 72px;\">\n<td style=\"width: 32.0513%; vertical-align: middle; height: 72px; text-align: center;\"><strong>Agnieszka Cybulska<\/strong><\/td>\n<td style=\"width: 67.9487%; text-align: left; vertical-align: middle; height: 72px;\">Urodzona w 1954 roku. W stowarzyszeniu aktywnie dzia\u0142a od 2016 roku. Mi\u0142o\u015bniczka rower\u00f3w i marsz\u00f3w Nordic Walking. Zawodowo &#8211; w\u0142a\u015bcicielka sklepu z materia\u0142ami budowlanymi.<\/td>\n<\/tr>\n<tr style=\"height: 96px;\">\n<td style=\"width: 100%; text-align: left; vertical-align: middle; height: 96px;\" colspan=\"2\">&nbsp;<\/p>\n<p style=\"text-align: center;\"><strong>KOMISJA REWIZYJNA<\/strong><\/p>\n<\/td>\n<\/tr>\n<tr style=\"height: 56px;\">\n<td style=\"width: 32.0513%; vertical-align: middle; height: 56px; text-align: center;\"><strong>PRZEWODNICZ\u0104CY KOMISJI<\/strong><\/td>\n<td style=\"width: 67.9487%; text-align: left; vertical-align: middle; height: 56px;\"><\/td>\n<\/tr>\n<tr style=\"height: 72px;\">\n<td style=\"width: 32.0513%; vertical-align: middle; height: 72px; text-align: center;\"><strong>\u00a0Stanis\u0142aw Droszczak<\/strong><\/td>\n<td style=\"width: 67.9487%; text-align: left; vertical-align: middle; height: 72px;\">Urodzony w 1950 roku Dr\u0105gowinie. Wsp\u00f3\u0142za\u0142o\u017cyciel stowarzyszenia &#8222;Fiber&#8221;, kt\u00f3rego jest wiceprezesem. W latach 2014-2018 pe\u0142ni\u0142 funkcje wiceprezesa stowarzyszenia. W 2018 roku zosta\u0142 Radnym miasta Nowogr\u00f3d Bobrza\u0144ski.<\/td>\n<\/tr>\n<tr style=\"height: 24px;\">\n<td style=\"width: 32.0513%; vertical-align: middle; text-align: center; height: 24px;\"><\/td>\n<td style=\"width: 67.9487%; text-align: left; vertical-align: middle; height: 24px;\"><\/td>\n<\/tr>\n<tr style=\"height: 24px;\">\n<td style=\"width: 32.0513%; vertical-align: middle; height: 47px; text-align: center;\"><strong>\u00a0CZ\u0141ONKOWIE KOMISJI\u00a0<\/strong><\/td>\n<td style=\"width: 67.9487%; text-align: left; vertical-align: middle; height: 47px;\"><\/td>\n<\/tr>\n<tr style=\"height: 24px;\">\n<td style=\"width: 32.0513%; vertical-align: middle; height: 24px; text-align: center;\"><strong>Marek Janusz<\/strong><\/p>\n<p>&nbsp;<\/td>\n<td style=\"width: 67.9487%; text-align: left; vertical-align: middle; height: 24px;\">Urodzony w 1969 roku, w latach 2014-2018 dla niego przypad\u0142a funkcja Skarbnika Stowarzyszenia &#8222;FIBER&#8221; . By\u0142 tak\u017ce wsp\u00f3\u0142za\u0142o\u017cycielem stowarzyszenia. Pasjonat tenisa sto\u0142owego.<\/td>\n<\/tr>\n<tr style=\"height: 24px;\">\n<td style=\"width: 32.0513%; vertical-align: middle; height: 24px; text-align: center;\"><\/td>\n<td style=\"width: 67.9487%; text-align: left; vertical-align: middle; height: 24px;\"><\/td>\n<\/tr>\n<tr style=\"height: 24px;\">\n<td style=\"width: 32.0513%; vertical-align: middle; height: 24px; text-align: center;\"><strong>Dorota Laskowska-Kaba\u0142a<\/strong><\/td>\n<td style=\"width: 67.9487%; text-align: left; vertical-align: middle; height: 24px;\">Urodzona 1976 roku, w stowarzyszeniu FIBER od 2014 r. Pedagog w Szkole Podstawowej nr 1\u00a0 W 2018 roku zosta\u0142a Radn\u0105 miasta Nowogr\u00f3d Bobrza\u0144ski.<\/td>\n<\/tr>\n<\/tbody>\n<\/table>\n<p style=\"text-align: justify;\">\n","protected":false},"excerpt":{"rendered":"<p>PREZES Roman M\u0105czkowski WICEPREZES Lech Pawlisiak Urodzony w 1964 roku w Lesznie. Jest jednym z&#8230;<\/p>\n","protected":false},"author":1,"featured_media":0,"parent":0,"menu_order":0,"comment_status":"closed","ping_status":"closed","template":"","meta":{"footnotes":""},"class_list":["post-27","page","type-page","status-publish","hentry"],"_links":{"self":[{"href":"https:\/\/www.fibernowogrod.pl\/index.php\/wp-json\/wp\/v2\/pages\/27","targetHints":{"allow":["GET"]}}],"collection":[{"href":"https:\/\/www.fibernowogrod.pl\/index.php\/wp-json\/wp\/v2\/pages"}],"about":[{"href":"https:\/\/www.fibernowogrod.pl\/index.php\/wp-json\/wp\/v2\/types\/page"}],"author":[{"embeddable":true,"href":"https:\/\/www.fibernowogrod.pl\/index.php\/wp-json\/wp\/v2\/users\/1"}],"replies":[{"embeddable":true,"href":"https:\/\/www.fibernowogrod.pl\/index.php\/wp-json\/wp\/v2\/comments?post=27"}],"version-history":[{"count":1,"href":"https:\/\/www.fibernowogrod.pl\/index.php\/wp-json\/wp\/v2\/pages\/27\/revisions"}],"predecessor-version":[{"id":5328,"href":"https:\/\/www.fibernowogrod.pl\/index.php\/wp-json\/wp\/v2\/pages\/27\/revisions\/5328"}],"wp:attachment":[{"href":"https:\/\/www.fibernowogrod.pl\/index.php\/wp-json\/wp\/v2\/media?parent=27"}],"curies":[{"name":"wp","href":"https:\/\/api.w.org\/{rel}","templated":true}]}}