{"id":37,"date":"2015-10-27T12:15:09","date_gmt":"2015-10-27T11:15:09","guid":{"rendered":"http:\/\/fibernowogrod.esy.es\/w\/?page_id=37"},"modified":"2023-11-16T09:06:35","modified_gmt":"2023-11-16T09:06:35","slug":"inicjatywy","status":"publish","type":"page","link":"https:\/\/www.fibernowogrod.pl\/index.php\/o-stowarzyszeniu\/kategoria\/inicjatywy\/","title":{"rendered":"Inicjatywy"},"content":{"rendered":"<p><span style=\"font-family: comic sans ms,sans-serif; font-size: 18pt; color: #003366;\"><strong>PLANY STOWARZYSZENIA FIBER W 2020 ROKU<\/strong><\/span><\/p>\n<ol>\n<li>5.01.2020 r. &#8211; V noworoczny Turniej Tenisa Sto\u0142owego,<\/li>\n<li>12.01.2020 r. &#8211; w niedziel\u0119 b\u0119dzie kr\u0119ci\u0107 si\u0119 KO\u0141O FIBERA podczas fina\u0142u WO\u015aP, przeprowadzimy te\u017c licytacj\u0119 limitowanych kubk\u00f3w<\/li>\n<li><strong> 25 stycznia 2020 r. ZABAWA KARNAWA\u0141OWA Z FIBEREM<\/strong><\/li>\n<li>na prze\u0142omie lutego i marca Indywidualne i Deblowe Mistrzostwa tenisa sto\u0142owego dla mieszka\u0144c\u00f3w naszej Gminy<\/li>\n<li>6 i 7.04.2020 r. &#8211; VI Wielkanocny Turniej Tenisa Sto\u0142owego,<\/li>\n<li>1,3, 5.05.2020 r. \u2013ROWEROWE MAJ\u00d3WKI (trzy rajdy)<\/li>\n<li>25.05.2020 r &#8211; Tenisowy Puchar Ligi<\/li>\n<li>1.06.2020 r. IV Mistrzostwa w tenisie sto\u0142owym Szko\u0142y Podstawowej nr 1 \u2013 FESTYN SZKOLNY<\/li>\n<li>15.08.2020 r \u2013 Rodzinny Rajd Rowerowy,<\/li>\n<li>26.08.2020 r. &#8211; Sportowe Do\u017cynki<\/li>\n<li>28.09.2020 r. \u2013 II Deblowy Puchar Bobra\u00a0\u00a0\u00a0\u00a0\u00a0\u00a0\u00a0\u00a0\u00a0\u00a0\u00a0\u00a0\u00a0\u00a0\u00a0\u00a0\u00a0\u00a0\u00a0\u00a0\u00a0\u00a0\u00a0\u00a0\u00a0\u00a0\u00a0\u00a0\u00a0\u00a0\u00a0\u00a0\u00a0\u00a0\u00a0\u00a0\u00a0\u00a0\u00a0\u00a0\u00a0\u00a0\u00a0\u00a0\u00a0\u00a0\u00a0\u00a0\u00a0\u00a0\u00a0\u00a0\u00a0\u00a0\u00a0\u00a0\u00a0\u00a0\u00a0\u00a0\u00a0\u00a0\u00a0\u00a0\u00a0\u00a0\u00a0\u00a0\u00a0\u00a0\u00a0\u00a0\u00a0\u00a0\u00a0\u00a0\u00a0\u00a0\u00a0\u00a0\u00a0\u00a0\u00a0\u00a0\u00a0\u00a0\u00a0\u00a0\u00a0\u00a0\u00a0\u00a0\u00a0\u00a0\u00a0\u00a0\u00a0\u00a0\u00a0\u00a0\u00a0\u00a0\u00a0\u00a0\u00a0\u00a0\u00a0\u00a0\u00a0\u00a0\u00a0\u00a0\u00a0\u00a0\u00a0\u00a0\u00a0\u00a0\u00a0\u00a0\u00a0\u00a0\u00a0\u00a0\u00a0\u00a0\u00a0\u00a0\u00a0\u00a0\u00a0\u00a0\u00a0\u00a0\u00a0\u00a0\u00a0\u00a0\u00a0\u00a0\u00a0\u00a0\u00a0\u00a0\u00a0\u00a0\u00a0\u00a0\u00a0\u00a0\u00a0\u00a0\u00a0\u00a0\u00a0\u00a0\u00a0\u00a0\u00a0\u00a0\u00a0\u00a0\u00a0\u00a0\u00a0\u00a0\u00a0\u00a0\u00a0\u00a0\u00a0\u00a0\u00a0\u00a0\u00a0\u00a0\u00a0\u00a0\u00a0\u00a0\u00a0\u00a0\u00a0\u00a0\u00a0\u00a0 12\u00a0\u00a0\u00a0 4.10.2020 r.\u00a0 \u00a0VI Piknik z latawcem,<\/li>\n<\/ol>\n<ol start=\"13\">\n<li>20.11.2020 r. \u2013 V Turniej o puchar BERMIXA<\/li>\n<li>4.12.2020 r. VI Miko\u0142ajkowy Turniej Tenisa Sto\u0142owego<\/li>\n<li>15.12.2020 \u2013 GWIAZDKA Z FIBEREM<\/li>\n<\/ol>\n<p>Opr\u00f3cz tego jak szko\u0142y podstawowe nas zaprosz\u0105 to przeprowadzimy TURNIEJ KLAS, i turniej przedszkolaka w przedszkolach.<\/p>\n<p><strong>Udzia\u0142 w innych imprezach i Festynach we\u017amiemy tylko wtedy\u00a0 gdy znajdziemy ch\u0119tnych do pomocy.<\/strong><\/p>\n<p><strong>IMPREZY CYKLICZNE: <\/strong><\/p>\n<p>B\u0119dziemy tak\u017ce a mo\u017ce przede wszystkim organizowa\u0107 :<\/p>\n<ol>\n<li><strong> Nowogrodzka Liga Tenisa Sto\u0142owego dla mieszka\u0144c\u00f3w naszej gminy.<\/strong><\/li>\n<li><strong> \u201eRowerem z Fiberem\u201d \u2013 wycieczki rowerowe po gminie i nie tylko,<br \/>\n3. \u201eWAKACJE z Fiberem\u201d,<br \/>\n4. \u201ePodwieczorki przy grach planszowych\u201d,<br \/>\n5. \u201eDzia\u0142alno\u015b\u0107 \u201eSekcja biegowej\u201d<br \/>\n6. \u201eDzia\u0142alno\u015b\u0107 \u201eSekcja tenisa sto\u0142owego\u201d<br \/>\n7. \u201eDzia\u0142alno\u015b\u0107 \u201eSzk\u00f3\u0142ki tenisa sto\u0142owego\u201d<br \/>\n8. \u201eDzia\u0142alno\u015b\u0107 \u201eKlubu Rowerowego FIBER\u201d<\/strong><\/li>\n<\/ol>\n<p>Wszystkie te imprezy chcieliby\u015bmy przeprowadza\u0107 w ramach zada\u0144 publicznych powierzonych przez Urz\u0105d Miejski w Nowogrodzie Bobrza\u0144ski, Urz\u0105d Wojew\u00f3dzki Wojew\u00f3dztwa Lubuskiego, Ministerstwa Sportu i Turystyki czy te\u017c inne instytucje i organizacje og\u0142aszaj\u0105ce konkursy.<\/p>\n<p>&nbsp;<\/p>\n<p><strong>DZIA\u0141ALNO\u015a\u0106 SEKCJI SPORTOWYCH FIBERA<\/strong><\/p>\n<p><strong>SEKCJA TENISA STO\u0141OWEGO <\/strong><\/p>\n<p>&#8211; Rozgrywki ligowe 4, 5 liga oraz A klasa \u2013 sze\u015b\u0107 dru\u017cyn<\/p>\n<p><strong>SEKCJA TENISA STO\u0141OWEGO dla dzieci <\/strong><\/p>\n<p>&#8211; szkolenie dzieci oraz udzia\u0142 w A klasie \u2013 udzia\u0142 dzieci w rozgrywkach m\u0142odzie\u017cowych na szczeblu wojew\u00f3dzkim<\/p>\n<p><strong>NOWOGRODZKA GRUPA BIEGOWA FIBER<\/strong><\/p>\n<p>&#8211; wsp\u00f3lne treningi i udzia\u0142 w r\u00f3\u017cnych biegach<\/p>\n<p><strong>KLUB ROWEROWY FIBER<\/strong><\/p>\n<p>&#8211; organizacja i udzia\u0142 w r\u00f3\u017cnych rajdach rowerowych.<\/p>\n<p>&nbsp;<\/p>\n<p>&nbsp;<\/p>\n<p>&nbsp;<\/p>\n<p>&nbsp;<\/p>\n<p>&nbsp;<\/p>\n","protected":false},"excerpt":{"rendered":"<p>PLANY STOWARZYSZENIA FIBER W 2020 ROKU 5.01.2020 r. &#8211; V noworoczny Turniej Tenisa Sto\u0142owego, 12.01.2020&#8230;<\/p>\n","protected":false},"author":1,"featured_media":0,"parent":5330,"menu_order":0,"comment_status":"closed","ping_status":"closed","template":"","meta":{"footnotes":""},"class_list":["post-37","page","type-page","status-publish","hentry"],"_links":{"self":[{"href":"https:\/\/www.fibernowogrod.pl\/index.php\/wp-json\/wp\/v2\/pages\/37","targetHints":{"allow":["GET"]}}],"collection":[{"href":"https:\/\/www.fibernowogrod.pl\/index.php\/wp-json\/wp\/v2\/pages"}],"about":[{"href":"https:\/\/www.fibernowogrod.pl\/index.php\/wp-json\/wp\/v2\/types\/page"}],"author":[{"embeddable":true,"href":"https:\/\/www.fibernowogrod.pl\/index.php\/wp-json\/wp\/v2\/users\/1"}],"replies":[{"embeddable":true,"href":"https:\/\/www.fibernowogrod.pl\/index.php\/wp-json\/wp\/v2\/comments?post=37"}],"version-history":[{"count":1,"href":"https:\/\/www.fibernowogrod.pl\/index.php\/wp-json\/wp\/v2\/pages\/37\/revisions"}],"predecessor-version":[{"id":5338,"href":"https:\/\/www.fibernowogrod.pl\/index.php\/wp-json\/wp\/v2\/pages\/37\/revisions\/5338"}],"up":[{"embeddable":true,"href":"https:\/\/www.fibernowogrod.pl\/index.php\/wp-json\/wp\/v2\/pages\/5330"}],"wp:attachment":[{"href":"https:\/\/www.fibernowogrod.pl\/index.php\/wp-json\/wp\/v2\/media?parent=37"}],"curies":[{"name":"wp","href":"https:\/\/api.w.org\/{rel}","templated":true}]}}