{"id":443,"date":"2015-11-10T15:13:35","date_gmt":"2015-11-10T14:13:35","guid":{"rendered":"http:\/\/fibernowogrod.pl\/?page_id=443"},"modified":"2023-11-16T09:09:05","modified_gmt":"2023-11-16T09:09:05","slug":"kalendarium-2014","status":"publish","type":"page","link":"https:\/\/www.fibernowogrod.pl\/index.php\/o-stowarzyszeniu\/kategoria\/kalendarium-2014\/","title":{"rendered":"Kalendarium 2014"},"content":{"rendered":"<p style=\"text-align: center;\">Tabela o ID 26 nie istnieje.<\/p>\n<table class=\" aligncenter\" style=\"height: 512px;\" border=\"0\" width=\"433\">\n<tbody>\n<tr>\n<td style=\"background-color: #55a0cf;\" colspan=\"2\">\n<h3 style=\"text-align: center;\">SIERPIE\u0143<\/h3>\n<\/td>\n<\/tr>\n<tr style=\"height: 30px;\">\n<td style=\"background-color: #a6c4de;\">17.08.2014<\/td>\n<td style=\"background-color: #a6c4de;\">zebranie za\u0142o\u017cycielskie stowarzyszenia FIBER<\/td>\n<\/tr>\n<tr style=\"height: 30px;\">\n<td style=\"background-color: #c9e5f5;\">22.08.2014<\/td>\n<td style=\"background-color: #c9e5f5;\">z\u0142o\u017cenie dokument\u00f3w do S\u0105du o rejestracj\u0119 KRS<\/td>\n<\/tr>\n<tr>\n<td style=\"background-color: #55a0cf;\" colspan=\"2\">\n<h3 style=\"text-align: center;\">WRZE\u015aIE\u0143<\/h3>\n<\/td>\n<\/tr>\n<tr style=\"height: 30px;\">\n<td style=\"background-color: #a6c4de;\">15.09.2014<\/td>\n<td style=\"background-color: #a6c4de;\">zarejestrowanie stowarzyszenia w KRS<\/td>\n<\/tr>\n<tr>\n<td style=\"background-color: #55a0cf;\" colspan=\"2\">\n<h3 style=\"text-align: center;\">PA\u0179DZIERNIK<\/h3>\n<\/td>\n<\/tr>\n<tr style=\"height: 30px;\">\n<td style=\"background-color: #a6c4de;\">28.10.2014<\/td>\n<td style=\"background-color: #a6c4de;\">I Walne Zebranie Cz\u0142onk\u00f3w Stowarzyszenia<\/td>\n<\/tr>\n<tr>\n<td style=\"background-color: #55a0cf; text-align: center;\" colspan=\"2\">\n<h3>LISTOPAD<\/h3>\n<\/td>\n<\/tr>\n<tr style=\"height: 30px;\">\n<td style=\"background-color: #a6c4de;\">09.11.2014<\/td>\n<td style=\"background-color: #a6c4de;\">I Zawody Latawcowe<\/td>\n<\/tr>\n<tr style=\"height: 30px;\">\n<td style=\"background-color: #c9e5f5;\">21.11.2014<\/td>\n<td style=\"background-color: #c9e5f5;\">spotkanie dot. XXIII fina\u0142u WO\u015aP<\/td>\n<\/tr>\n<\/tbody>\n<\/table>\n","protected":false},"excerpt":{"rendered":"<p>SIERPIE\u0143 17.08.2014 zebranie za\u0142o\u017cycielskie stowarzyszenia FIBER 22.08.2014 z\u0142o\u017cenie dokument\u00f3w do S\u0105du o rejestracj\u0119 KRS WRZE\u015aIE\u0143&#8230;<\/p>\n","protected":false},"author":1,"featured_media":0,"parent":5330,"menu_order":0,"comment_status":"closed","ping_status":"closed","template":"","meta":{"footnotes":""},"class_list":["post-443","page","type-page","status-publish","hentry"],"_links":{"self":[{"href":"https:\/\/www.fibernowogrod.pl\/index.php\/wp-json\/wp\/v2\/pages\/443","targetHints":{"allow":["GET"]}}],"collection":[{"href":"https:\/\/www.fibernowogrod.pl\/index.php\/wp-json\/wp\/v2\/pages"}],"about":[{"href":"https:\/\/www.fibernowogrod.pl\/index.php\/wp-json\/wp\/v2\/types\/page"}],"author":[{"embeddable":true,"href":"https:\/\/www.fibernowogrod.pl\/index.php\/wp-json\/wp\/v2\/users\/1"}],"replies":[{"embeddable":true,"href":"https:\/\/www.fibernowogrod.pl\/index.php\/wp-json\/wp\/v2\/comments?post=443"}],"version-history":[{"count":1,"href":"https:\/\/www.fibernowogrod.pl\/index.php\/wp-json\/wp\/v2\/pages\/443\/revisions"}],"predecessor-version":[{"id":5340,"href":"https:\/\/www.fibernowogrod.pl\/index.php\/wp-json\/wp\/v2\/pages\/443\/revisions\/5340"}],"up":[{"embeddable":true,"href":"https:\/\/www.fibernowogrod.pl\/index.php\/wp-json\/wp\/v2\/pages\/5330"}],"wp:attachment":[{"href":"https:\/\/www.fibernowogrod.pl\/index.php\/wp-json\/wp\/v2\/media?parent=443"}],"curies":[{"name":"wp","href":"https:\/\/api.w.org\/{rel}","templated":true}]}}