{"id":5781,"date":"2024-10-24T00:34:48","date_gmt":"2024-10-24T00:34:48","guid":{"rendered":"https:\/\/www.fibernowogrod.pl\/?page_id=5781"},"modified":"2024-11-08T23:25:49","modified_gmt":"2024-11-08T23:25:49","slug":"v-liga","status":"publish","type":"page","link":"https:\/\/www.fibernowogrod.pl\/index.php\/o-stowarzyszeniu\/kategoria\/v-liga\/","title":{"rendered":"V Liga"},"content":{"rendered":"<p style=\"text-align: center;\"><strong>Sezon 2024\/25<\/strong><\/p>\n<table style=\"height: 264px; width: 100%; border-collapse: collapse; border-style: groove;\" border=\"1\">\n<tbody>\n<tr style=\"height: 24px;\">\n<td style=\"width: 7.32415%; height: 24px;\" width=\"64\"><strong>M-ce<\/strong><\/td>\n<td style=\"width: 32.0522%; height: 24px;\" width=\"289\"><strong>Dru\u017cyna<\/strong><\/td>\n<td style=\"width: 7.32415%; height: 24px; text-align: center;\" width=\"64\"><strong>M<\/strong><\/td>\n<td style=\"width: 8.12183%; height: 24px; text-align: center;\" width=\"71\"><strong>S+<\/strong><\/td>\n<td style=\"width: 8.12183%; height: 24px; text-align: center;\" width=\"71\"><strong>S-<\/strong><\/td>\n<td style=\"width: 7.46918%; height: 24px; text-align: center;\" width=\"65\"><strong>SETY<\/strong><\/td>\n<td style=\"width: 7.39666%; height: 24px; text-align: center;\" width=\"64\"><strong>PKT<\/strong><\/td>\n<\/tr>\n<tr style=\"height: 24px;\">\n<td style=\"width: 7.32415%; height: 24px;\" width=\"64\">1<\/td>\n<td style=\"width: 32.0522%; height: 24px;\" width=\"266\">Budowlani Lubsko II<\/td>\n<td style=\"width: 7.32415%; text-align: center; height: 24px;\" width=\"64\">5<\/td>\n<td style=\"width: 8.12183%; text-align: center; height: 24px;\" width=\"64\">40<\/td>\n<td style=\"width: 8.12183%; text-align: center; height: 24px;\" width=\"64\">22<\/td>\n<td style=\"width: 7.46918%; text-align: center; height: 24px;\" width=\"64\">18<\/td>\n<td style=\"width: 7.39666%; text-align: center; height: 24px;\" width=\"64\">10<\/td>\n<\/tr>\n<tr style=\"height: 24px;\">\n<td style=\"width: 7.32415%; height: 24px;\" width=\"64\">2<\/td>\n<td style=\"width: 32.0522%; height: 24px;\">\u017bSTS \u017baga\u0144 II<\/td>\n<td style=\"width: 7.32415%; text-align: center; height: 24px;\" width=\"64\">5<\/td>\n<td style=\"width: 8.12183%; text-align: center; height: 24px;\" width=\"64\">39<\/td>\n<td style=\"width: 8.12183%; text-align: center; height: 24px;\" width=\"64\">9<\/td>\n<td style=\"width: 7.46918%; text-align: center; height: 24px;\" width=\"64\">30<\/td>\n<td style=\"width: 7.39666%; text-align: center; height: 24px;\" width=\"64\">9<\/td>\n<\/tr>\n<tr style=\"height: 24px;\">\n<td style=\"width: 7.32415%; height: 24px;\" width=\"64\">3<\/td>\n<td style=\"width: 32.0522%; height: 24px;\">ZKS Zielona G\u00f3ra V<\/td>\n<td style=\"width: 7.32415%; text-align: center; height: 24px;\" width=\"64\">4<\/td>\n<td style=\"width: 8.12183%; text-align: center; height: 24px;\" width=\"64\">32<\/td>\n<td style=\"width: 8.12183%; text-align: center; height: 24px;\" width=\"64\">11<\/td>\n<td style=\"width: 7.46918%; text-align: center; height: 24px;\" width=\"64\">21<\/td>\n<td style=\"width: 7.39666%; text-align: center; height: 24px;\" width=\"64\">8<\/td>\n<\/tr>\n<tr style=\"height: 24px;\">\n<td style=\"width: 7.32415%; height: 24px;\" width=\"64\">4<\/td>\n<td style=\"width: 32.0522%; height: 24px;\">Sok\u00f3\u0142 D\u0105br\u00f3wka Wlkp.<\/td>\n<td style=\"width: 7.32415%; text-align: center; height: 24px;\" width=\"64\">5<\/td>\n<td style=\"width: 8.12183%; text-align: center; height: 24px;\" width=\"64\">34<\/td>\n<td style=\"width: 8.12183%; text-align: center; height: 24px;\" width=\"64\">16<\/td>\n<td style=\"width: 7.46918%; text-align: center; height: 24px;\" width=\"64\">18<\/td>\n<td style=\"width: 7.39666%; text-align: center; height: 24px;\" width=\"64\">8<\/td>\n<\/tr>\n<tr style=\"height: 24px;\">\n<td style=\"width: 7.32415%; height: 24px;\" width=\"64\">5<\/td>\n<td style=\"width: 32.0522%; height: 24px;\">Jofrakuda \u015awiebodzin II<\/td>\n<td style=\"width: 7.32415%; text-align: center; height: 24px;\" width=\"64\">5<\/td>\n<td style=\"width: 8.12183%; text-align: center; height: 24px;\" width=\"64\">37<\/td>\n<td style=\"width: 8.12183%; text-align: center; height: 24px;\" width=\"64\">17<\/td>\n<td style=\"width: 7.46918%; text-align: center; height: 24px;\" width=\"64\">20<\/td>\n<td style=\"width: 7.39666%; text-align: center; height: 24px;\" width=\"64\">7<\/td>\n<\/tr>\n<tr style=\"height: 24px;\">\n<td style=\"width: 7.32415%; height: 24px;\" width=\"64\">6<\/td>\n<td style=\"width: 32.0522%; height: 24px;\">Dziesi\u0105tka Nowa S\u00f3l III<\/td>\n<td style=\"width: 7.32415%; text-align: center; height: 24px;\" width=\"64\">5<\/td>\n<td style=\"width: 8.12183%; text-align: center; height: 24px;\" width=\"64\">20<\/td>\n<td style=\"width: 8.12183%; text-align: center; height: 24px;\" width=\"64\">34<\/td>\n<td style=\"width: 7.46918%; text-align: center; height: 24px;\" width=\"64\">-14<\/td>\n<td style=\"width: 7.39666%; text-align: center; height: 24px;\" width=\"64\">4<\/td>\n<\/tr>\n<tr style=\"height: 24px;\">\n<td style=\"width: 7.32415%; height: 24px;\" width=\"64\">7<\/td>\n<td style=\"width: 32.0522%; height: 24px;\">Olimpia Lubsko<\/td>\n<td style=\"width: 7.32415%; text-align: center; height: 24px;\" width=\"64\">5<\/td>\n<td style=\"width: 8.12183%; text-align: center; height: 24px;\" width=\"64\">21<\/td>\n<td style=\"width: 8.12183%; text-align: center; height: 24px;\" width=\"64\">32<\/td>\n<td style=\"width: 7.46918%; text-align: center; height: 24px;\" width=\"64\">-11<\/td>\n<td style=\"width: 7.39666%; text-align: center; height: 24px;\" width=\"64\">2<\/td>\n<\/tr>\n<tr style=\"height: 24px;\">\n<td style=\"width: 7.32415%; height: 24px;\" width=\"64\">8<\/td>\n<td style=\"width: 32.0522%; height: 24px;\">Fiber Nowogr\u00f3d Bobrza\u0144ski II<\/td>\n<td style=\"width: 7.32415%; text-align: center; height: 24px;\" width=\"64\">6<\/td>\n<td style=\"width: 8.12183%; text-align: center; height: 24px;\" width=\"64\">22<\/td>\n<td style=\"width: 8.12183%; text-align: center; height: 24px;\" width=\"64\">46<\/td>\n<td style=\"width: 7.46918%; text-align: center; height: 24px;\" width=\"64\">-24<\/td>\n<td style=\"width: 7.39666%; text-align: center; height: 24px;\" width=\"64\">2<\/td>\n<\/tr>\n<tr style=\"height: 24px;\">\n<td style=\"width: 7.32415%; height: 24px;\" width=\"64\">9<\/td>\n<td style=\"width: 32.0522%; height: 24px;\">Fiber Nowogr\u00f3d Bobrza\u0144ski I<\/td>\n<td style=\"width: 7.32415%; text-align: center; height: 24px;\" width=\"64\">5<\/td>\n<td style=\"width: 8.12183%; text-align: center; height: 24px;\" width=\"64\">22<\/td>\n<td style=\"width: 8.12183%; text-align: center; height: 24px;\" width=\"64\">40<\/td>\n<td style=\"width: 7.46918%; text-align: center; height: 24px;\" width=\"64\">-18<\/td>\n<td style=\"width: 7.39666%; text-align: center; height: 24px;\" width=\"64\">0<\/td>\n<\/tr>\n<tr style=\"height: 24px;\">\n<td style=\"width: 7.32415%; height: 24px;\" width=\"64\">10<\/td>\n<td style=\"width: 32.0522%; height: 24px;\">Zorza Moz\u00f3w<\/td>\n<td style=\"width: 7.32415%; text-align: center; height: 24px;\" width=\"64\">5<\/td>\n<td style=\"width: 8.12183%; text-align: center; height: 24px;\" width=\"64\">0<\/td>\n<td style=\"width: 8.12183%; text-align: center; height: 24px;\" width=\"64\">40<\/td>\n<td style=\"width: 7.46918%; text-align: center; height: 24px;\" width=\"64\">-40<\/td>\n<td style=\"width: 7.39666%; text-align: center; height: 24px;\" width=\"64\">0<\/td>\n<\/tr>\n<\/tbody>\n<\/table>\n","protected":false},"excerpt":{"rendered":"<p>Sezon 2024\/25 M-ce Dru\u017cyna M S+ S- SETY PKT 1 Budowlani Lubsko II 5 40&#8230;<\/p>\n","protected":false},"author":1,"featured_media":0,"parent":5330,"menu_order":0,"comment_status":"closed","ping_status":"closed","template":"","meta":{"footnotes":""},"class_list":["post-5781","page","type-page","status-publish","hentry"],"_links":{"self":[{"href":"https:\/\/www.fibernowogrod.pl\/index.php\/wp-json\/wp\/v2\/pages\/5781","targetHints":{"allow":["GET"]}}],"collection":[{"href":"https:\/\/www.fibernowogrod.pl\/index.php\/wp-json\/wp\/v2\/pages"}],"about":[{"href":"https:\/\/www.fibernowogrod.pl\/index.php\/wp-json\/wp\/v2\/types\/page"}],"author":[{"embeddable":true,"href":"https:\/\/www.fibernowogrod.pl\/index.php\/wp-json\/wp\/v2\/users\/1"}],"replies":[{"embeddable":true,"href":"https:\/\/www.fibernowogrod.pl\/index.php\/wp-json\/wp\/v2\/comments?post=5781"}],"version-history":[{"count":8,"href":"https:\/\/www.fibernowogrod.pl\/index.php\/wp-json\/wp\/v2\/pages\/5781\/revisions"}],"predecessor-version":[{"id":5821,"href":"https:\/\/www.fibernowogrod.pl\/index.php\/wp-json\/wp\/v2\/pages\/5781\/revisions\/5821"}],"up":[{"embeddable":true,"href":"https:\/\/www.fibernowogrod.pl\/index.php\/wp-json\/wp\/v2\/pages\/5330"}],"wp:attachment":[{"href":"https:\/\/www.fibernowogrod.pl\/index.php\/wp-json\/wp\/v2\/media?parent=5781"}],"curies":[{"name":"wp","href":"https:\/\/api.w.org\/{rel}","templated":true}]}}