{"id":5806,"date":"2024-10-24T01:28:12","date_gmt":"2024-10-24T01:28:12","guid":{"rendered":"https:\/\/www.fibernowogrod.pl\/?page_id=5806"},"modified":"2024-10-24T01:36:02","modified_gmt":"2024-10-24T01:36:02","slug":"filmowa-kronika-2","status":"publish","type":"page","link":"https:\/\/www.fibernowogrod.pl\/index.php\/o-stowarzyszeniu\/kategoria\/filmowa-kronika-2\/","title":{"rendered":"Filmowa Kronika"},"content":{"rendered":"<p style=\"text-align: center;\"><strong>Sportowe Do\u017cynki 2024<\/strong><\/p>\n<p><iframe loading=\"lazy\" title=\"Sportowe Do\u017cynki 2024\" width=\"640\" height=\"360\" src=\"https:\/\/www.youtube.com\/embed\/p5Z5b7z0-oI?feature=oembed\" frameborder=\"0\" allow=\"accelerometer; autoplay; clipboard-write; encrypted-media; gyroscope; picture-in-picture; web-share\" referrerpolicy=\"strict-origin-when-cross-origin\" allowfullscreen><\/iframe><\/p>\n<p style=\"text-align: center;\"><strong>10 lecie dzia\u0142alno\u015bci stowarzyszenia FIBER<\/strong><\/p>\n<p><iframe loading=\"lazy\" title=\"10 lecie dzia\u0142alno\u015bci stowarzyszenia FIBER\" width=\"640\" height=\"360\" src=\"https:\/\/www.youtube.com\/embed\/nMQOqTF0pgg?start=1&#038;feature=oembed\" frameborder=\"0\" allow=\"accelerometer; autoplay; clipboard-write; encrypted-media; gyroscope; picture-in-picture; web-share\" referrerpolicy=\"strict-origin-when-cross-origin\" allowfullscreen><\/iframe><\/p>\n<p style=\"text-align: center;\"><strong>\u015awiate\u0142ko do nieba &#8211; WO\u015aP 2024<\/strong><\/p>\n<p><iframe loading=\"lazy\" title=\"\u015awiate\u0142ko do nieba - WO\u015aP 2024\" width=\"640\" height=\"360\" src=\"https:\/\/www.youtube.com\/embed\/cmdRFe-t-WM?feature=oembed\" frameborder=\"0\" allow=\"accelerometer; autoplay; clipboard-write; encrypted-media; gyroscope; picture-in-picture; web-share\" referrerpolicy=\"strict-origin-when-cross-origin\" allowfullscreen><\/iframe><\/p>\n<p style=\"text-align: center;\"><strong>Gwiazdka z Fiberem &#8211; 16.12.2023<\/strong><\/p>\n<p><iframe loading=\"lazy\" title=\"Gwiazdka z Fiberem - 16.12.2023\" width=\"640\" height=\"360\" src=\"https:\/\/www.youtube.com\/embed\/rvIYpLQvNV4?feature=oembed\" frameborder=\"0\" allow=\"accelerometer; autoplay; clipboard-write; encrypted-media; gyroscope; picture-in-picture; web-share\" referrerpolicy=\"strict-origin-when-cross-origin\" allowfullscreen><\/iframe><\/p>\n<p style=\"text-align: center;\"><strong>Deblowy Puchar Bobra &#8211; 12.11.2023<\/strong><\/p>\n<p><iframe loading=\"lazy\" title=\"Deblowy Puchar Bobra - 12.11.2023\" width=\"640\" height=\"360\" src=\"https:\/\/www.youtube.com\/embed\/S5bdnYwdzyg?feature=oembed\" frameborder=\"0\" allow=\"accelerometer; autoplay; clipboard-write; encrypted-media; gyroscope; picture-in-picture; web-share\" referrerpolicy=\"strict-origin-when-cross-origin\" allowfullscreen><\/iframe><\/p>\n<p style=\"text-align: center;\"><strong>Indywidualne Mistrzostwa Nowogrodu Bobrza\u0144skiego &#8211; 05.11.2023<\/strong><\/p>\n<p><iframe loading=\"lazy\" title=\"Indywidualne Mistrzostwa Nowogrodu Bobrza\u0144skiego - 05.11.2023\" width=\"640\" height=\"360\" src=\"https:\/\/www.youtube.com\/embed\/-bOhbT1ur_w?feature=oembed\" frameborder=\"0\" allow=\"accelerometer; autoplay; clipboard-write; encrypted-media; gyroscope; picture-in-picture; web-share\" referrerpolicy=\"strict-origin-when-cross-origin\" allowfullscreen><\/iframe><\/p>\n<p style=\"text-align: center;\"><strong>Latawce nad Bobrem &#8211; 30.09.2023<\/strong><\/p>\n<p><iframe loading=\"lazy\" title=\"Latawce nad Bobrem - 30.09.2023\" width=\"640\" height=\"360\" src=\"https:\/\/www.youtube.com\/embed\/EKusssxjdPs?feature=oembed\" frameborder=\"0\" allow=\"accelerometer; autoplay; clipboard-write; encrypted-media; gyroscope; picture-in-picture; web-share\" referrerpolicy=\"strict-origin-when-cross-origin\" allowfullscreen><\/iframe><\/p>\n<p style=\"text-align: center;\"><strong>Mistrzostwa Nowogrodu Bobrza\u0144skiego &#8211; 27.11.2022<\/strong><\/p>\n<p><iframe loading=\"lazy\" title=\"Mistrzostwa Nowogrodu Bobrza\u0144skiego - 27.11.2022\" width=\"640\" height=\"360\" src=\"https:\/\/www.youtube.com\/embed\/YN8c2pdZ3EE?feature=oembed\" frameborder=\"0\" allow=\"accelerometer; autoplay; clipboard-write; encrypted-media; gyroscope; picture-in-picture; web-share\" referrerpolicy=\"strict-origin-when-cross-origin\" allowfullscreen><\/iframe><\/p>\n<p style=\"text-align: center;\"><strong>Rajdy Rowerowe z Fiberem 2020<\/strong><\/p>\n<p><iframe loading=\"lazy\" title=\"RAJDY ROWEROWE z FIBEREM 2020\" width=\"640\" height=\"360\" src=\"https:\/\/www.youtube.com\/embed\/pQvjhXswd-I?feature=oembed\" frameborder=\"0\" allow=\"accelerometer; autoplay; clipboard-write; encrypted-media; gyroscope; picture-in-picture; web-share\" referrerpolicy=\"strict-origin-when-cross-origin\" allowfullscreen><\/iframe><\/p>\n<p style=\"text-align: center;\"><strong>Filmowa Kronika Fibera 05\/2018<\/strong><\/p>\n<p><iframe loading=\"lazy\" title=\"FKF 5 2018 Filmowa Kronika Fibera, Nowogr\u00f3d\" width=\"640\" height=\"360\" src=\"https:\/\/www.youtube.com\/embed\/psh8qv5Eh0Q?feature=oembed\" frameborder=\"0\" allow=\"accelerometer; autoplay; clipboard-write; encrypted-media; gyroscope; picture-in-picture; web-share\" referrerpolicy=\"strict-origin-when-cross-origin\" allowfullscreen><\/iframe><\/p>\n<p style=\"text-align: center;\"><strong>Filmowa Kronika Fibera 04\/2018<\/strong><\/p>\n<p><iframe loading=\"lazy\" title=\"FKF 4 2018 Filmowa Kronika Fibera, Nowogr\u00f3d\" width=\"640\" height=\"360\" src=\"https:\/\/www.youtube.com\/embed\/OaaqU8TruSE?feature=oembed\" frameborder=\"0\" allow=\"accelerometer; autoplay; clipboard-write; encrypted-media; gyroscope; picture-in-picture; web-share\" referrerpolicy=\"strict-origin-when-cross-origin\" allowfullscreen><\/iframe><\/p>\n<p style=\"text-align: center;\"><strong>Filmowa Kronika Fibera 03\/2018<\/strong><\/p>\n<p><iframe loading=\"lazy\" title=\"FKF 3 2018 Filmowa Kronika Fibera, Nowogr\u00f3d\" width=\"640\" height=\"360\" src=\"https:\/\/www.youtube.com\/embed\/N_43y2CtdIg?feature=oembed\" frameborder=\"0\" allow=\"accelerometer; autoplay; clipboard-write; encrypted-media; gyroscope; picture-in-picture; web-share\" referrerpolicy=\"strict-origin-when-cross-origin\" allowfullscreen><\/iframe><\/p>\n<p style=\"text-align: center;\"><strong>Filmowa Kronika Fibera 02\/2018<\/strong><\/p>\n<p><iframe loading=\"lazy\" title=\"FKF 2 2018 FILMOWA KRONIKA FIBERA - NOWOGR\u00d3D, LUTY 2018\" width=\"640\" height=\"360\" src=\"https:\/\/www.youtube.com\/embed\/1FUGP-NMbiE?feature=oembed\" frameborder=\"0\" allow=\"accelerometer; autoplay; clipboard-write; encrypted-media; gyroscope; picture-in-picture; web-share\" referrerpolicy=\"strict-origin-when-cross-origin\" allowfullscreen><\/iframe><\/p>\n<p style=\"text-align: center;\"><strong>Filmowa Kronika Fibera 01\/2018<\/strong><\/p>\n<p><iframe loading=\"lazy\" title=\"FKF 1 2018 Filmowa Kronika Fibera, Nowogr\u00f3d\" width=\"640\" height=\"360\" src=\"https:\/\/www.youtube.com\/embed\/r40zpbEcTVQ?feature=oembed\" frameborder=\"0\" allow=\"accelerometer; autoplay; clipboard-write; encrypted-media; gyroscope; picture-in-picture; web-share\" referrerpolicy=\"strict-origin-when-cross-origin\" allowfullscreen><\/iframe><\/p>\n<p style=\"text-align: center;\"><strong>Filmowa Kronika Fibera 12\/2017<\/strong><\/p>\n<p><iframe loading=\"lazy\" title=\"FKF 12 2017 Filmowa Kronika Fibera, Nowogr\u00f3d\" width=\"640\" height=\"360\" src=\"https:\/\/www.youtube.com\/embed\/NbAyQPDHC9w?feature=oembed\" frameborder=\"0\" allow=\"accelerometer; autoplay; clipboard-write; encrypted-media; gyroscope; picture-in-picture; web-share\" referrerpolicy=\"strict-origin-when-cross-origin\" allowfullscreen><\/iframe><\/p>\n<p style=\"text-align: center;\"><strong>Filmowa Kronika Fibera 11\/2017<\/strong><\/p>\n<p><iframe loading=\"lazy\" title=\"FKF 11 2017 Filmowa Kronika Fibera, Nowogr\u00f3d\" width=\"640\" height=\"360\" src=\"https:\/\/www.youtube.com\/embed\/VqPGgSFEeLE?feature=oembed\" frameborder=\"0\" allow=\"accelerometer; autoplay; clipboard-write; encrypted-media; gyroscope; picture-in-picture; web-share\" referrerpolicy=\"strict-origin-when-cross-origin\" allowfullscreen><\/iframe><\/p>\n<p style=\"text-align: center;\"><strong>Bogu\u015b Tenisista<\/strong><\/p>\n<p><iframe loading=\"lazy\" title=\"&quot;Bogu\u015b&quot; tenisista\" width=\"640\" height=\"360\" src=\"https:\/\/www.youtube.com\/embed\/PFGpC7LSZPU?feature=oembed\" frameborder=\"0\" allow=\"accelerometer; autoplay; clipboard-write; encrypted-media; gyroscope; picture-in-picture; web-share\" referrerpolicy=\"strict-origin-when-cross-origin\" allowfullscreen><\/iframe><\/p>\n<p style=\"text-align: center;\"><strong>Filmowa Kronika Fibera 10\/2017<\/strong><\/p>\n<p><iframe loading=\"lazy\" title=\"FKF 10 2017 Filmowa Kronika Fibera, Nowogr\u00f3d\" width=\"640\" height=\"360\" src=\"https:\/\/www.youtube.com\/embed\/vFnVuyF3vg8?feature=oembed\" frameborder=\"0\" allow=\"accelerometer; autoplay; clipboard-write; encrypted-media; gyroscope; picture-in-picture; web-share\" referrerpolicy=\"strict-origin-when-cross-origin\" allowfullscreen><\/iframe><\/p>\n<p style=\"text-align: center;\"><strong>Filmowa Kronika Fibera 09\/2017<\/strong><\/p>\n<p><iframe loading=\"lazy\" title=\"FKF 09 2017 Filmowa Kronika Fibera, Nowogr\u00f3d\" width=\"640\" height=\"360\" src=\"https:\/\/www.youtube.com\/embed\/sL88B6YQozw?feature=oembed\" frameborder=\"0\" allow=\"accelerometer; autoplay; clipboard-write; encrypted-media; gyroscope; picture-in-picture; web-share\" referrerpolicy=\"strict-origin-when-cross-origin\" allowfullscreen><\/iframe><\/p>\n<p style=\"text-align: center;\"><strong>Filmowa Kronika Fibera 08\/2017<\/strong><\/p>\n<p><iframe loading=\"lazy\" title=\"FKF 08 2017 Filmowa Kronika Fibera, Nowogr\u00f3d Bobrza\u0144ski\" width=\"640\" height=\"360\" src=\"https:\/\/www.youtube.com\/embed\/9GNBgyspsP4?feature=oembed\" frameborder=\"0\" allow=\"accelerometer; autoplay; clipboard-write; encrypted-media; gyroscope; picture-in-picture; web-share\" referrerpolicy=\"strict-origin-when-cross-origin\" allowfullscreen><\/iframe><\/p>\n<p style=\"text-align: center;\"><strong>Filmowa Kronika Fibera 07\/2017<\/strong><\/p>\n<p><iframe loading=\"lazy\" title=\"FKF 07 2017  Filmowa Kronika Fibera, Nowogr\u00f3d Bobrza\u0144ski\" width=\"640\" height=\"360\" src=\"https:\/\/www.youtube.com\/embed\/KlPCG4g6H6o?feature=oembed\" frameborder=\"0\" allow=\"accelerometer; autoplay; clipboard-write; encrypted-media; gyroscope; picture-in-picture; web-share\" referrerpolicy=\"strict-origin-when-cross-origin\" allowfullscreen><\/iframe><\/p>\n<p style=\"text-align: center;\"><strong>Filmowa Kronika Fibera 06\/2017<\/strong><\/p>\n<p><iframe loading=\"lazy\" title=\"FKF 06\/2017  Filmowa Kronika Fibera, Nowogr\u00f3d Bobrza\u0144ski\" width=\"640\" height=\"360\" src=\"https:\/\/www.youtube.com\/embed\/VgbpB1tEj4Q?feature=oembed\" frameborder=\"0\" allow=\"accelerometer; autoplay; clipboard-write; encrypted-media; gyroscope; picture-in-picture; web-share\" referrerpolicy=\"strict-origin-when-cross-origin\" allowfullscreen><\/iframe><\/p>\n<p style=\"text-align: center;\"><strong>Filmowa Kronika Fibera 05\/2017<\/strong><\/p>\n<p><iframe loading=\"lazy\" title=\"FKF 05\/2017 | Filmowa Kronika Fibera, Nowogr\u00f3d Bobrza\u0144ski\" width=\"640\" height=\"360\" src=\"https:\/\/www.youtube.com\/embed\/BqMfbVwukzw?feature=oembed\" frameborder=\"0\" allow=\"accelerometer; autoplay; clipboard-write; encrypted-media; gyroscope; picture-in-picture; web-share\" referrerpolicy=\"strict-origin-when-cross-origin\" allowfullscreen><\/iframe><\/p>\n<p style=\"text-align: center;\"><strong>Filmowa Kronika Fibera 04\/2017<\/strong><\/p>\n<p><iframe loading=\"lazy\" title=\"FKF 04\/2017 | Filmowa Kronika Fibera, Nowogr\u00f3d Bobrza\u0144ski\" width=\"640\" height=\"360\" src=\"https:\/\/www.youtube.com\/embed\/WYGigfGTJe8?feature=oembed\" frameborder=\"0\" allow=\"accelerometer; autoplay; clipboard-write; encrypted-media; gyroscope; picture-in-picture; web-share\" referrerpolicy=\"strict-origin-when-cross-origin\" allowfullscreen><\/iframe><\/p>\n<p style=\"text-align: center;\"><strong>Filmowa Kronika Fibera 03\/2017<\/strong><\/p>\n<p><iframe loading=\"lazy\" title=\"FKF 03\/2017 | Filmowa Kronika Fibera, Nowogr\u00f3d Bobrza\u0144ski\" width=\"640\" height=\"360\" src=\"https:\/\/www.youtube.com\/embed\/Q0gcspJhwjU?feature=oembed\" frameborder=\"0\" allow=\"accelerometer; autoplay; clipboard-write; encrypted-media; gyroscope; picture-in-picture; web-share\" referrerpolicy=\"strict-origin-when-cross-origin\" allowfullscreen><\/iframe><\/p>\n<p style=\"text-align: center;\"><strong>Filmowa Kronika Fibera 02\/2017<\/strong><\/p>\n<p><iframe loading=\"lazy\" title=\"FKF 02\/2017 | Filmowa Kronika Fibera, Nowogr\u00f3d Bobrza\u0144ski\" width=\"640\" height=\"360\" src=\"https:\/\/www.youtube.com\/embed\/pVtkd00Sshs?feature=oembed\" frameborder=\"0\" allow=\"accelerometer; autoplay; clipboard-write; encrypted-media; gyroscope; picture-in-picture; web-share\" referrerpolicy=\"strict-origin-when-cross-origin\" allowfullscreen><\/iframe><\/p>\n<p style=\"text-align: center;\"><strong>Filmowa Kronika Fibera 01\/2017<\/strong><\/p>\n<p><iframe loading=\"lazy\" title=\"FKF 01\/2017 | Filmowa Kronika Fibera, Nowogr\u00f3d Bobrza\u0144ski\" width=\"640\" height=\"360\" src=\"https:\/\/www.youtube.com\/embed\/gPKYsEdk6LU?feature=oembed\" frameborder=\"0\" allow=\"accelerometer; autoplay; clipboard-write; encrypted-media; gyroscope; picture-in-picture; web-share\" referrerpolicy=\"strict-origin-when-cross-origin\" allowfullscreen><\/iframe><\/p>\n","protected":false},"excerpt":{"rendered":"<p>Sportowe Do\u017cynki 2024 10 lecie dzia\u0142alno\u015bci stowarzyszenia FIBER \u015awiate\u0142ko do nieba &#8211; WO\u015aP 2024 Gwiazdka&#8230;<\/p>\n","protected":false},"author":1,"featured_media":0,"parent":5330,"menu_order":0,"comment_status":"closed","ping_status":"closed","template":"","meta":{"footnotes":""},"class_list":["post-5806","page","type-page","status-publish","hentry"],"_links":{"self":[{"href":"https:\/\/www.fibernowogrod.pl\/index.php\/wp-json\/wp\/v2\/pages\/5806","targetHints":{"allow":["GET"]}}],"collection":[{"href":"https:\/\/www.fibernowogrod.pl\/index.php\/wp-json\/wp\/v2\/pages"}],"about":[{"href":"https:\/\/www.fibernowogrod.pl\/index.php\/wp-json\/wp\/v2\/types\/page"}],"author":[{"embeddable":true,"href":"https:\/\/www.fibernowogrod.pl\/index.php\/wp-json\/wp\/v2\/users\/1"}],"replies":[{"embeddable":true,"href":"https:\/\/www.fibernowogrod.pl\/index.php\/wp-json\/wp\/v2\/comments?post=5806"}],"version-history":[{"count":3,"href":"https:\/\/www.fibernowogrod.pl\/index.php\/wp-json\/wp\/v2\/pages\/5806\/revisions"}],"predecessor-version":[{"id":5809,"href":"https:\/\/www.fibernowogrod.pl\/index.php\/wp-json\/wp\/v2\/pages\/5806\/revisions\/5809"}],"up":[{"embeddable":true,"href":"https:\/\/www.fibernowogrod.pl\/index.php\/wp-json\/wp\/v2\/pages\/5330"}],"wp:attachment":[{"href":"https:\/\/www.fibernowogrod.pl\/index.php\/wp-json\/wp\/v2\/media?parent=5806"}],"curies":[{"name":"wp","href":"https:\/\/api.w.org\/{rel}","templated":true}]}}